{"id":5,"date":"2016-02-10T08:59:44","date_gmt":"2016-02-10T08:59:44","guid":{"rendered":"https:\/\/bridge3.qodeinteractive.com\/?page_id=5"},"modified":"2022-05-24T16:37:50","modified_gmt":"2022-05-24T16:37:50","slug":"home","status":"publish","type":"page","link":"https:\/\/omamo.com.pl\/","title":{"rendered":"Home"},"content":{"rendered":"<p>[vc_row css_animation=&#8221;&#8221; row_type=&#8221;row&#8221; use_row_as_full_screen_section=&#8221;no&#8221; type=&#8221;full_width&#8221; angled_section=&#8221;no&#8221; text_align=&#8221;left&#8221; background_image_as_pattern=&#8221;without_pattern&#8221; css=&#8221;.vc_custom_1653410270118{padding-top: 100px !important;padding-bottom: 50px !important;}&#8221; z_index=&#8221;&#8221; el_id=&#8221;katalog&#8221;][vc_column][vc_column_text]<\/p>\n<h1 style=\"text-align: center;\">Katalog produkt\u00f3w<\/h1>\n<p>[\/vc_column_text][\/vc_column][\/vc_row][vc_row css_animation=&#8221;&#8221; row_type=&#8221;row&#8221; use_row_as_full_screen_section=&#8221;no&#8221; type=&#8221;grid&#8221; angled_section=&#8221;no&#8221; text_align=&#8221;center&#8221; background_image_as_pattern=&#8221;without_pattern&#8221; z_index=&#8221;&#8221;][vc_column width=&#8221;1\/3&#8243; css=&#8221;.vc_custom_1653380090252{margin-bottom: 40px !important;}&#8221;][vc_single_image image=&#8221;156&#8243; img_size=&#8221;500&#215;400&#8243; alignment=&#8221;center&#8221; style=&#8221;vc_box_rounded&#8221; onclick=&#8221;zoom&#8221; qode_css_animation=&#8221;&#8221;][vc_column_text css=&#8221;.vc_custom_1653380191924{padding-top: 20px !important;padding-bottom: 20px !important;}&#8221;]<\/p>\n<h3 style=\"text-align: center;\">Nazwa produktu&#8230;.<\/h3>\n<p style=\"text-align: center; margin-top: 10px;\">kr\u00f3tki opis&#8230; Lorem ipsum dolor sit amet et<\/p>\n<p>[\/vc_column_text]<a  itemprop=\"url\" href=\"#kontakt\" target=\"_self\"  class=\"qbutton  default\" style=\"\">Zapytaj o produkt<i class=\"qode_icon_font_awesome fa fa-align-right qode_button_icon_element\" style=\"\" ><\/i><\/a>[\/vc_column][vc_column width=&#8221;1\/3&#8243; css=&#8221;.vc_custom_1653380227583{margin-bottom: 40px !important;}&#8221;][vc_single_image image=&#8221;156&#8243; img_size=&#8221;500&#215;400&#8243; alignment=&#8221;center&#8221; style=&#8221;vc_box_rounded&#8221; onclick=&#8221;zoom&#8221; qode_css_animation=&#8221;&#8221;][vc_column_text css=&#8221;.vc_custom_1653380191924{padding-top: 20px !important;padding-bottom: 20px !important;}&#8221;]<\/p>\n<h3 style=\"text-align: center;\">Nazwa produktu&#8230;.<\/h3>\n<p style=\"text-align: center; margin-top: 10px;\">kr\u00f3tki opis&#8230; Lorem ipsum dolor sit amet et<\/p>\n<p>[\/vc_column_text]<a  itemprop=\"url\" href=\"#kontakt\" target=\"_self\"  class=\"qbutton  default\" style=\"\">Zapytaj o produkt<i class=\"qode_icon_font_awesome fa fa-align-right qode_button_icon_element\" style=\"\" ><\/i><\/a>[\/vc_column][vc_column width=&#8221;1\/3&#8243; css=&#8221;.vc_custom_1653380233519{margin-bottom: 40px !important;}&#8221;][vc_single_image image=&#8221;156&#8243; img_size=&#8221;500&#215;400&#8243; alignment=&#8221;center&#8221; style=&#8221;vc_box_rounded&#8221; onclick=&#8221;zoom&#8221; qode_css_animation=&#8221;&#8221;][vc_column_text css=&#8221;.vc_custom_1653380191924{padding-top: 20px !important;padding-bottom: 20px !important;}&#8221;]<\/p>\n<h3 style=\"text-align: center;\">Nazwa produktu&#8230;.<\/h3>\n<p style=\"text-align: center; margin-top: 10px;\">kr\u00f3tki opis&#8230; Lorem ipsum dolor sit amet et<\/p>\n<p>[\/vc_column_text]<a  itemprop=\"url\" href=\"#kontakt\" target=\"_self\"  class=\"qbutton  default\" style=\"\">Zapytaj o produkt<i class=\"qode_icon_font_awesome fa fa-align-right qode_button_icon_element\" style=\"\" ><\/i><\/a>[\/vc_column][\/vc_row][vc_row css_animation=&#8221;&#8221; row_type=&#8221;row&#8221; use_row_as_full_screen_section=&#8221;no&#8221; type=&#8221;grid&#8221; angled_section=&#8221;no&#8221; text_align=&#8221;center&#8221; background_image_as_pattern=&#8221;without_pattern&#8221; z_index=&#8221;&#8221;][vc_column width=&#8221;1\/3&#8243; css=&#8221;.vc_custom_1653380090252{margin-bottom: 40px !important;}&#8221;][vc_single_image image=&#8221;156&#8243; img_size=&#8221;500&#215;400&#8243; alignment=&#8221;center&#8221; style=&#8221;vc_box_rounded&#8221; onclick=&#8221;zoom&#8221; qode_css_animation=&#8221;&#8221;][vc_column_text css=&#8221;.vc_custom_1653380191924{padding-top: 20px !important;padding-bottom: 20px !important;}&#8221;]<\/p>\n<h3 style=\"text-align: center;\">Nazwa produktu&#8230;.<\/h3>\n<p style=\"text-align: center; margin-top: 10px;\">kr\u00f3tki opis&#8230; Lorem ipsum dolor sit amet et<\/p>\n<p>[\/vc_column_text]<a  itemprop=\"url\" href=\"#kontakt\" target=\"_self\"  class=\"qbutton  default\" style=\"\">Zapytaj o produkt<i class=\"qode_icon_font_awesome fa fa-align-right qode_button_icon_element\" style=\"\" ><\/i><\/a>[\/vc_column][vc_column width=&#8221;1\/3&#8243; css=&#8221;.vc_custom_1653380227583{margin-bottom: 40px !important;}&#8221;][vc_single_image image=&#8221;156&#8243; img_size=&#8221;500&#215;400&#8243; alignment=&#8221;center&#8221; style=&#8221;vc_box_rounded&#8221; onclick=&#8221;zoom&#8221; qode_css_animation=&#8221;&#8221;][vc_column_text css=&#8221;.vc_custom_1653380191924{padding-top: 20px !important;padding-bottom: 20px !important;}&#8221;]<\/p>\n<h3 style=\"text-align: center;\">Nazwa produktu&#8230;.<\/h3>\n<p style=\"text-align: center; margin-top: 10px;\">kr\u00f3tki opis&#8230; Lorem ipsum dolor sit amet et<\/p>\n<p>[\/vc_column_text]<a  itemprop=\"url\" href=\"#kontakt\" target=\"_self\"  class=\"qbutton  default\" style=\"\">Zapytaj o produkt<i class=\"qode_icon_font_awesome fa fa-align-right qode_button_icon_element\" style=\"\" ><\/i><\/a>[\/vc_column][vc_column width=&#8221;1\/3&#8243; css=&#8221;.vc_custom_1653380233519{margin-bottom: 40px !important;}&#8221;][vc_single_image image=&#8221;156&#8243; img_size=&#8221;500&#215;400&#8243; alignment=&#8221;center&#8221; style=&#8221;vc_box_rounded&#8221; onclick=&#8221;zoom&#8221; qode_css_animation=&#8221;&#8221;][vc_column_text css=&#8221;.vc_custom_1653380191924{padding-top: 20px !important;padding-bottom: 20px !important;}&#8221;]<\/p>\n<h3 style=\"text-align: center;\">Nazwa produktu&#8230;.<\/h3>\n<p style=\"text-align: center; margin-top: 10px;\">kr\u00f3tki opis&#8230; Lorem ipsum dolor sit amet et<\/p>\n<p>[\/vc_column_text]<a  itemprop=\"url\" href=\"#kontakt\" target=\"_self\"  class=\"qbutton  default\" style=\"\">Zapytaj o produkt<i class=\"qode_icon_font_awesome fa fa-align-right qode_button_icon_element\" style=\"\" ><\/i><\/a>[\/vc_column][\/vc_row][vc_row css_animation=&#8221;&#8221; row_type=&#8221;row&#8221; use_row_as_full_screen_section=&#8221;no&#8221; type=&#8221;grid&#8221; angled_section=&#8221;no&#8221; text_align=&#8221;center&#8221; background_image_as_pattern=&#8221;without_pattern&#8221; z_index=&#8221;&#8221;][vc_column width=&#8221;1\/3&#8243; css=&#8221;.vc_custom_1653380090252{margin-bottom: 40px !important;}&#8221;][vc_single_image image=&#8221;156&#8243; img_size=&#8221;500&#215;400&#8243; alignment=&#8221;center&#8221; style=&#8221;vc_box_rounded&#8221; onclick=&#8221;zoom&#8221; qode_css_animation=&#8221;&#8221;][vc_column_text css=&#8221;.vc_custom_1653380191924{padding-top: 20px !important;padding-bottom: 20px !important;}&#8221;]<\/p>\n<h3 style=\"text-align: center;\">Nazwa produktu&#8230;.<\/h3>\n<p style=\"text-align: center; margin-top: 10px;\">kr\u00f3tki opis&#8230; Lorem ipsum dolor sit amet et<\/p>\n<p>[\/vc_column_text]<a  itemprop=\"url\" href=\"#kontakt\" target=\"_self\"  class=\"qbutton  default\" style=\"\">Zapytaj o produkt<i class=\"qode_icon_font_awesome fa fa-align-right qode_button_icon_element\" style=\"\" ><\/i><\/a>[\/vc_column][vc_column width=&#8221;1\/3&#8243; css=&#8221;.vc_custom_1653380227583{margin-bottom: 40px !important;}&#8221;][vc_single_image image=&#8221;156&#8243; img_size=&#8221;500&#215;400&#8243; alignment=&#8221;center&#8221; style=&#8221;vc_box_rounded&#8221; onclick=&#8221;zoom&#8221; qode_css_animation=&#8221;&#8221;][vc_column_text css=&#8221;.vc_custom_1653380191924{padding-top: 20px !important;padding-bottom: 20px !important;}&#8221;]<\/p>\n<h3 style=\"text-align: center;\">Nazwa produktu&#8230;.<\/h3>\n<p style=\"text-align: center; margin-top: 10px;\">kr\u00f3tki opis&#8230; Lorem ipsum dolor sit amet et<\/p>\n<p>[\/vc_column_text]<a  itemprop=\"url\" href=\"#kontakt\" target=\"_self\"  class=\"qbutton  default\" style=\"\">Zapytaj o produkt<i class=\"qode_icon_font_awesome fa fa-align-right qode_button_icon_element\" style=\"\" ><\/i><\/a>[\/vc_column][vc_column width=&#8221;1\/3&#8243; css=&#8221;.vc_custom_1653380233519{margin-bottom: 40px !important;}&#8221;][vc_single_image image=&#8221;156&#8243; img_size=&#8221;500&#215;400&#8243; alignment=&#8221;center&#8221; style=&#8221;vc_box_rounded&#8221; onclick=&#8221;zoom&#8221; qode_css_animation=&#8221;&#8221;][vc_column_text css=&#8221;.vc_custom_1653380191924{padding-top: 20px !important;padding-bottom: 20px !important;}&#8221;]<\/p>\n<h3 style=\"text-align: center;\">Nazwa produktu&#8230;.<\/h3>\n<p style=\"text-align: center; margin-top: 10px;\">kr\u00f3tki opis&#8230; Lorem ipsum dolor sit amet et<\/p>\n<p>[\/vc_column_text]<a  itemprop=\"url\" href=\"#kontakt\" target=\"_self\"  class=\"qbutton  default\" style=\"\">Zapytaj o produkt<i class=\"qode_icon_font_awesome fa fa-align-right qode_button_icon_element\" style=\"\" ><\/i><\/a>[\/vc_column][\/vc_row][vc_row css_animation=&#8221;&#8221; row_type=&#8221;row&#8221; use_row_as_full_screen_section=&#8221;no&#8221; type=&#8221;grid&#8221; angled_section=&#8221;no&#8221; text_align=&#8221;center&#8221; background_image_as_pattern=&#8221;without_pattern&#8221; z_index=&#8221;&#8221;][vc_column width=&#8221;1\/3&#8243; css=&#8221;.vc_custom_1653380090252{margin-bottom: 40px !important;}&#8221;][vc_single_image image=&#8221;156&#8243; img_size=&#8221;500&#215;400&#8243; alignment=&#8221;center&#8221; style=&#8221;vc_box_rounded&#8221; onclick=&#8221;zoom&#8221; qode_css_animation=&#8221;&#8221;][vc_column_text css=&#8221;.vc_custom_1653380191924{padding-top: 20px !important;padding-bottom: 20px !important;}&#8221;]<\/p>\n<h3 style=\"text-align: center;\">Nazwa produktu&#8230;.<\/h3>\n<p style=\"text-align: center; margin-top: 10px;\">kr\u00f3tki opis&#8230; Lorem ipsum dolor sit amet et<\/p>\n<p>[\/vc_column_text]<a  itemprop=\"url\" href=\"#kontakt\" target=\"_self\"  class=\"qbutton  default\" style=\"\">Zapytaj o produkt<i class=\"qode_icon_font_awesome fa fa-align-right qode_button_icon_element\" style=\"\" ><\/i><\/a>[\/vc_column][vc_column width=&#8221;1\/3&#8243; css=&#8221;.vc_custom_1653380227583{margin-bottom: 40px !important;}&#8221;][vc_single_image image=&#8221;156&#8243; img_size=&#8221;500&#215;400&#8243; alignment=&#8221;center&#8221; style=&#8221;vc_box_rounded&#8221; onclick=&#8221;zoom&#8221; qode_css_animation=&#8221;&#8221;][vc_column_text css=&#8221;.vc_custom_1653380191924{padding-top: 20px !important;padding-bottom: 20px !important;}&#8221;]<\/p>\n<h3 style=\"text-align: center;\">Nazwa produktu&#8230;.<\/h3>\n<p style=\"text-align: center; margin-top: 10px;\">kr\u00f3tki opis&#8230; Lorem ipsum dolor sit amet et<\/p>\n<p>[\/vc_column_text]<a  itemprop=\"url\" href=\"#kontakt\" target=\"_self\"  class=\"qbutton  default\" style=\"\">Zapytaj o produkt<i class=\"qode_icon_font_awesome fa fa-align-right qode_button_icon_element\" style=\"\" ><\/i><\/a>[\/vc_column][vc_column width=&#8221;1\/3&#8243; css=&#8221;.vc_custom_1653380233519{margin-bottom: 40px !important;}&#8221;][vc_single_image image=&#8221;156&#8243; img_size=&#8221;500&#215;400&#8243; alignment=&#8221;center&#8221; style=&#8221;vc_box_rounded&#8221; onclick=&#8221;zoom&#8221; qode_css_animation=&#8221;&#8221;][vc_column_text css=&#8221;.vc_custom_1653380191924{padding-top: 20px !important;padding-bottom: 20px !important;}&#8221;]<\/p>\n<h3 style=\"text-align: center;\">Nazwa produktu&#8230;.<\/h3>\n<p style=\"text-align: center; margin-top: 10px;\">kr\u00f3tki opis&#8230; Lorem ipsum dolor sit amet et<\/p>\n<p>[\/vc_column_text]<a  itemprop=\"url\" href=\"#kontakt\" target=\"_self\"  class=\"qbutton  default\" style=\"\">Zapytaj o produkt<i class=\"qode_icon_font_awesome fa fa-align-right qode_button_icon_element\" style=\"\" ><\/i><\/a>[\/vc_column][\/vc_row][vc_row css_animation=&#8221;&#8221; row_type=&#8221;row&#8221; use_row_as_full_screen_section=&#8221;no&#8221; type=&#8221;grid&#8221; angled_section=&#8221;no&#8221; text_align=&#8221;center&#8221; background_image_as_pattern=&#8221;without_pattern&#8221; z_index=&#8221;&#8221; css=&#8221;.vc_custom_1653380383734{padding-top: 100px !important;padding-bottom: 100px !important;}&#8221;][vc_column][vc_column_text]<\/p>\n<h2 style=\"text-align: center;\">Nie widzisz produktu kt\u00f3ry Ci\u0119 interesuje?<br \/>\nTo nie problem&#8230; Skontaktuj si\u0119 z nami!<\/h2>\n<p>[\/vc_column_text]<a  itemprop=\"url\" href=\"#kontakt\" target=\"_self\"  class=\"qbutton  default\" style=\"margin: 30px 0 0 0; \">Napisz do nas<i class=\"qode_icon_font_awesome fa fa-envelope qode_button_icon_element\" style=\"\" ><\/i><\/a>[\/vc_column][\/vc_row][vc_row row_type=&#8221;parallax&#8221; parallax_content_width=&#8221;in_grid&#8221; text_align=&#8221;left&#8221; full_screen_section_height=&#8221;no&#8221; background_image=&#8221;19&#8243; section_height=&#8221;439&#8243;][vc_column][vc_separator type=&#8221;transparent&#8221; thickness=&#8221;0&#8243; up=&#8221;128&#8243; down=&#8221;0&#8243;][vc_column_text]<\/p>\n<h1><span style=\"color: #ffffff;\">Jak mo\u017cna uzyska\u0107 dofinansowanie?<\/span><\/h1>\n<p>&nbsp;<\/p>\n<h4><span style=\"color: #cfcfcf;\">Dofinansowanie mo\u017cna otrzyma\u0107 na podstawie z\u0142o\u017conego do ZUS, prawid\u0142owo opracowanego wniosku doradczego lub inwestycyjnego, kt\u00f3ry spe\u0142ni do\u015b\u0107 restrykcyjne wymogi. Mo\u017cna go przygotowa\u0107 samodzielnie, ale z uwagi na z\u0142o\u017cono\u015b\u0107 dokumentacji niezb\u0119dnej do skompletowania wniosku, warto skorzysta\u0107 z us\u0142ug firmy posiadaj\u0105cej do\u015bwiadczenie w takim wsparciu przedsi\u0119biorc\u00f3w.<\/span><\/h4>\n<p>[\/vc_column_text][vc_separator type=&#8221;transparent&#8221; thickness=&#8221;0&#8243; up=&#8221;100&#8243; down=&#8221;0&#8243;][\/vc_column][\/vc_row][vc_row css_animation=&#8221;&#8221; row_type=&#8221;row&#8221; use_row_as_full_screen_section=&#8221;no&#8221; type=&#8221;full_width&#8221; angled_section=&#8221;no&#8221; text_align=&#8221;left&#8221; background_image_as_pattern=&#8221;without_pattern&#8221; z_index=&#8221;&#8221;][vc_column]<div class=\"call_to_action simple\" style=\"background-color: #2b2c2e;padding-top: 40px;padding-bottom: 40px;\"><div class=\"container_inner\"><div class=\"text_wrapper column1\"><div class=\"call_to_action_text  font_size_inherit font_weight_inherit letter_spacing_inherit\" style=\"font-size:16px;font-weight: 600;letter-spacing: -1px;\">\n<h4 style=\"text-align: left;\"><span style=\"color: #ffffff;\">Bezzwrotna dotacja ZUS &#8211; uzyskaj dofinansowanie<\/span><\/h4>\n<\/div><a itemprop=\"url\" href=\"#\" class=\"qbutton white medium\" target=\"_blank\" style=\"\" data-hover-background-color=#ffffff data-hover-color=#303030>Zobacz szczeg\u00f3\u0142y<\/a><\/div><\/div><\/div>[\/vc_column][\/vc_row][vc_row css_animation=&#8221;&#8221; row_type=&#8221;row&#8221; use_row_as_full_screen_section=&#8221;no&#8221; type=&#8221;grid&#8221; angled_section=&#8221;no&#8221; text_align=&#8221;left&#8221; background_image_as_pattern=&#8221;without_pattern&#8221; z_index=&#8221;&#8221; css=&#8221;.vc_custom_1653410079890{padding-top: 100px !important;padding-bottom: 100px !important;}&#8221; el_id=&#8221;kontakt&#8221;][vc_column width=&#8221;1\/6&#8243;][\/vc_column][vc_column width=&#8221;4\/6&#8243;][vc_column_text css=&#8221;.vc_custom_1653410063344{padding-bottom: 40px !important;}&#8221;]<\/p>\n<h3>Chcesz zam\u00f3wi\u0107 sprz\u0119t z katalogu? Napisz do nas&#8230;<\/h3>\n<p>[\/vc_column_text]<div role=\"form\" class=\"wpcf7\" id=\"wpcf7-f377-o1\" lang=\"pl-PL\" dir=\"ltr\">\n<div class=\"screen-reader-response\"><p role=\"status\" aria-live=\"polite\" aria-atomic=\"true\"><\/p> <ul><\/ul><\/div>\n<form action=\"\/index.php?rest_route=%2Fwp%2Fv2%2Fpages%2F5#wpcf7-f377-o1\" method=\"post\" class=\"wpcf7-form init default\" novalidate=\"novalidate\" data-status=\"init\">\n<div style=\"display: none;\">\n<input type=\"hidden\" name=\"_wpcf7\" value=\"377\" \/>\n<input type=\"hidden\" name=\"_wpcf7_version\" value=\"5.5.6.1\" \/>\n<input type=\"hidden\" name=\"_wpcf7_locale\" value=\"pl_PL\" \/>\n<input type=\"hidden\" name=\"_wpcf7_unit_tag\" value=\"wpcf7-f377-o1\" \/>\n<input type=\"hidden\" name=\"_wpcf7_container_post\" value=\"0\" \/>\n<input type=\"hidden\" name=\"_wpcf7_posted_data_hash\" value=\"\" \/>\n<\/div>\n<p><span class=\"wpcf7-form-control-wrap your-name\"><input type=\"text\" name=\"your-name\" value=\"\" size=\"40\" class=\"wpcf7-form-control wpcf7-text wpcf7-validates-as-required\" aria-required=\"true\" aria-invalid=\"false\" placeholder=\"Twoje imi\u0119 (obowi\u0105zkowe)\" \/><\/span><br \/>\n<span class=\"wpcf7-form-control-wrap your-email\"><input type=\"email\" name=\"your-email\" value=\"\" size=\"40\" class=\"wpcf7-form-control wpcf7-text wpcf7-email wpcf7-validates-as-required wpcf7-validates-as-email\" aria-required=\"true\" aria-invalid=\"false\" placeholder=\"Adres email (obowi\u0105zkowe)\" \/><\/span><br \/>\n<span class=\"wpcf7-form-control-wrap company\"><input type=\"text\" name=\"company\" value=\"\" size=\"40\" class=\"wpcf7-form-control wpcf7-text\" aria-invalid=\"false\" placeholder=\"Nazwa firmy\" \/><\/span><br \/>\n<span class=\"wpcf7-form-control-wrap tel-810\"><input type=\"tel\" name=\"tel-810\" value=\"\" size=\"40\" class=\"wpcf7-form-control wpcf7-text wpcf7-tel wpcf7-validates-as-tel\" aria-invalid=\"false\" placeholder=\"Numer telefonu\" \/><\/span><br \/>\n<span class=\"wpcf7-form-control-wrap your-message\"><textarea name=\"your-message\" cols=\"40\" rows=\"10\" class=\"wpcf7-form-control wpcf7-textarea\" aria-invalid=\"false\" placeholder=\"W czym mo\u017cemy pom\u00f3c? (Podaj produkty kt\u00f3re Cie interesuj\u0105)\"><\/textarea><\/span><\/p>\n<p><input type=\"submit\" value=\"Wy\u015blij\" class=\"wpcf7-form-control has-spinner wpcf7-submit\" \/><\/p>\n<div class=\"wpcf7-response-output\" aria-hidden=\"true\"><\/div><\/form><\/div>[\/vc_column][vc_column width=&#8221;1\/6&#8243;][\/vc_column][\/vc_row]<\/p>\n","protected":false},"excerpt":{"rendered":"<p>[vc_row css_animation=&#8221;&#8221; row_type=&#8221;row&#8221; use_row_as_full_screen_section=&#8221;no&#8221; type=&#8221;full_width&#8221; angled_section=&#8221;no&#8221; text_align=&#8221;left&#8221; background_image_as_pattern=&#8221;without_pattern&#8221; css=&#8221;.vc_custom_1653410270118{padding-top: 100px !important;padding-bottom: 50px !important;}&#8221; z_index=&#8221;&#8221; el_id=&#8221;katalog&#8221;][vc_column][vc_column_text] Katalog produkt\u00f3w [\/vc_column_text][\/vc_column][\/vc_row][vc_row css_animation=&#8221;&#8221; row_type=&#8221;row&#8221; use_row_as_full_screen_section=&#8221;no&#8221; type=&#8221;grid&#8221; angled_section=&#8221;no&#8221; text_align=&#8221;center&#8221; background_image_as_pattern=&#8221;without_pattern&#8221; z_index=&#8221;&#8221;][vc_column width=&#8221;1\/3&#8243; css=&#8221;.vc_custom_1653380090252{margin-bottom: 40px !important;}&#8221;][vc_single_image image=&#8221;156&#8243; img_size=&#8221;500&#215;400&#8243; alignment=&#8221;center&#8221; style=&#8221;vc_box_rounded&#8221; onclick=&#8221;zoom&#8221; qode_css_animation=&#8221;&#8221;][vc_column_text css=&#8221;.vc_custom_1653380191924{padding-top: 20px !important;padding-bottom: 20px !important;}&#8221;] Nazwa produktu&#8230;. kr\u00f3tki opis&#8230;&#8230;<\/p>\n","protected":false},"author":1,"featured_media":0,"parent":0,"menu_order":0,"comment_status":"closed","ping_status":"closed","template":"full_width.php","meta":{"footnotes":""},"class_list":["post-5","page","type-page","status-publish","hentry"],"_links":{"self":[{"href":"https:\/\/omamo.com.pl\/index.php?rest_route=\/wp\/v2\/pages\/5","targetHints":{"allow":["GET"]}}],"collection":[{"href":"https:\/\/omamo.com.pl\/index.php?rest_route=\/wp\/v2\/pages"}],"about":[{"href":"https:\/\/omamo.com.pl\/index.php?rest_route=\/wp\/v2\/types\/page"}],"author":[{"embeddable":true,"href":"https:\/\/omamo.com.pl\/index.php?rest_route=\/wp\/v2\/users\/1"}],"replies":[{"embeddable":true,"href":"https:\/\/omamo.com.pl\/index.php?rest_route=%2Fwp%2Fv2%2Fcomments&post=5"}],"version-history":[{"count":29,"href":"https:\/\/omamo.com.pl\/index.php?rest_route=\/wp\/v2\/pages\/5\/revisions"}],"predecessor-version":[{"id":383,"href":"https:\/\/omamo.com.pl\/index.php?rest_route=\/wp\/v2\/pages\/5\/revisions\/383"}],"wp:attachment":[{"href":"https:\/\/omamo.com.pl\/index.php?rest_route=%2Fwp%2Fv2%2Fmedia&parent=5"}],"curies":[{"name":"wp","href":"https:\/\/api.w.org\/{rel}","templated":true}]}}